{"id":1023,"date":"2009-04-09T18:10:37","date_gmt":"2009-04-09T17:10:37","guid":{"rendered":"http:\/\/www.reihe-m.de\/con\/?page_id=1023"},"modified":"2024-02-20T20:12:57","modified_gmt":"2024-02-20T19:12:57","slug":"cdnoise-of-cologne-1","status":"publish","type":"page","link":"https:\/\/www.reihe-m.de\/?page_id=1023","title":{"rendered":"CDs"},"content":{"rendered":"\n<p><a rel=\"noreferrer noopener\" href=\"#cd1\" target=\"_blank\">NoC1 <\/a> \/  <a href=\"#cd2\">NoC2 <\/a> \/  <a href=\"#cd3\">NoC3<\/a> \/ <a rel=\"noreferrer noopener\" href=\"http:\/\/noiseofcologne.blogspot.com\/\" target=\"_blank\"><\/a><a rel=\"noreferrer noopener\" href=\"http:\/\/www.a-musik.com\" target=\"_blank\">Distributed by a-Musik<\/a><\/p>\n\n\n\n<hr class=\"wp-block-separator has-alpha-channel-opacity is-style-wide\"\/>\n\n\n\n<p><\/p>\n\n\n\n<p id=\"cd3\"><strong><strong><strong>\/\/\/\/\/\/\/\/\/<strong>\/\/\/\/\/\/\/\/\/<\/strong>\/\/\/\/\/\/\/\/\/\/\/\/\/\/\/\/\/\/\/\/\/\/\/\/\/\/\/\/\/\/\/\/\/\/\/\/\/\/\/\/\/\/\/\/\/\/\/\/\/\/\/\/\/\/\/\/\/\/\/\/\/\/\/\/\/\/\/\/\/\/\/\/\/\/\/\/\/\/\/\/\/\/\/\/\/\/\/\/\/\/\/\/\/\/\/\/\/\/\/<\/strong><\/strong><\/strong><br><strong>Noise of Cologne 3<\/strong><\/p>\n\n\n\n<p>120 DEN \/ 7000 Eichen \/ Achim Mohn\u00e9 \/ Andreas O. Hirsch \/ Andreas Wagner \/ Andr\u00e9s Quezada \/ Annie Bloch \/ Beate &amp; Dietmar Bonnen \/ Bernd H\u00e4rpfer \/ Bettina Wenzel \/ Bidisha Das \/ bleed Air \/ Bob Humid \/ C.C. Herman \/ chirp.crush \/ Claudia Robles-Angel \/ Clusterhead \/ COMBUSTION CONSTRUCTION \/ Croute \/ DANGOLOID \/ dennis aycicek \/ Echo Ho \/ Elisa K\u00fchnl \/ Elisa Metz \/ Elisabeth Coudoux \/ EZB \/ Florian Zwi\u00dfler \/ Frank Dommert \/ Friday Dunard \/ funfon \/ hans w. koch \/ Harald Sack Ziegler \/ Hye Young Sin \/ jeandado \/ Joel Jaffe \/ Julia B\u00fcnnagel \/ Justin \/ Kai Niggemann \/ Lu\u00eds Antunes Pena \/ Marcus Schmickler \/ Martin Schmitz \/ Martin Weinreich \/ Menelaos Tomasides \/ Merzouga \/ Michael Peters \/ Mik Quantius \/ Miyake \/ MME dUO \/ Monoteur \/ Nathalie Brum \/ Neoza\u00efre \/ Nils Quak \/ Numinos \/ Pedro A. Ram\u00edrez \/ Peter Simon \/ PVNCTVM \/ Ralf Schreiber \/ Roland Schappert \/ Roman Jungblut \/ Schlammpeitziger \/ Sebastian von der Heide \/ Shuoxin Tan \/ Siegfried Koepf \/ Simon Rummel \/ Stefan Haagen \/ TBZ \/ That Night \/ Therapeutische H\u00f6rgruppe \/ Titanoboa \/ Tobias Hartmann \/ Viola Klein \/ Volker Zander \/ Wolfram Wire<\/p>\n\n\n\n<p>Gef\u00f6rdert durch Stadt K\u00f6ln, Kulturamt<br>Format: CD, Audio \/ Mastered by Picapau \/ Produced &amp; Compiled by Dirk Specht and Frank Dommert \/ Liner Notes: Theresa Nink \/ Translation: Tom Asforth \/ Photography: Frank Dommert \/ Liner Notes: Theresa Nink<\/p>\n\n\n\n<hr class=\"wp-block-separator has-alpha-channel-opacity is-style-wide\"\/>\n\n\n\n<p>Infotext (english)<br><strong>Noise of Cologne 3<\/strong><\/p>\n\n\n\n<p>Compilation series are usually released in a sequence of several months or years. This is not the case with &#8222;Noise of Cologne&#8220;: Part 1 was released in 2010, part 2 followed in 2013 and the third part of the series is now available in 2024 \u2013 with a total of 73 one-minute contributions from various musicians, bands and projects.<\/p>\n\n\n\n<p>The one-minute format forces the contributions to be condensed and, in total, &#8222;Noise of Cologne 3&#8220; offers a highly varied spectrum of experimental music: from musique concr\u00e8te, electronic music, field recordings and environmental music to soundscapes, no wave, computer music and post-minimal music to experimental club music, turntablism, ambient and hauntology. Above all, &#8222;Noise of Cologne 3&#8220; offers surprises: Trance synthesisers alongside vocal acrobatics and terror drums as well as numerous &#8222;unlikely combinations&#8220; (David Toop) &#8211; music not yet classified or labelled: noise, if you will.<\/p>\n\n\n\n<p>The CD compiled by Frank Dommert (A-Musik) and Dirk Specht (Therapeutische H\u00f6rgruppe) brings together musicians who have been contributing to the musical map of Cologne for years and decades as well as those who are just starting out, trying things out, building something, getting loud, getting involved, contributing. You can also hear the activating influence of networks, study programmes, collectives, producing workshops and funding, which also encourage more women to assert themselves against powerful stereotypes. The eponymous term &#8222;noise&#8220; refers to neither genre nor sound; rather, its meaning blurs in the juxtaposition of the contributions, opening up its semantic frame of reference: What does noise have to do with the city? Which instruments are used to play noise? Is noise danceable? Does noise sound utopian or dystopian? Can noise be retro or is noise always new?<\/p>\n\n\n\n<p>Jacques Attali attributed to the organised form of sound, i.e. music, the ability not only to depict and reflect social contexts, but also to make new social orders conceivable. This evokes associations with the belief in progress that the musical avant-garde in Cologne once used to arm itself ideologically. And at a time when the media is conjuring up a historical Cologne spirit of the 80s and 90s, &#8222;Noise of Cologne 3&#8220; demonstrates that you have to leave supposedly glorious pasts behind in order to forge paths through the undergrowth in the here (Cologne) and now (2020s) with which the old freedoms (curiosity, experimental spirit, joy of playing, art&#8230;) can be regained.<\/p>\n\n\n\n<p><\/p>\n\n\n\n<p id=\"cd2\"><strong>\/\/\/\/\/\/\/\/\/<strong>\/\/\/\/\/\/\/\/\/<\/strong>\/\/\/\/\/\/\/\/\/\/\/\/\/\/\/\/\/\/\/\/\/\/\/\/\/\/\/\/\/\/\/\/\/\/\/\/\/\/\/\/\/\/\/\/\/\/\/\/\/\/\/\/\/\/\/\/\/\/\/\/\/\/\/\/\/\/\/\/\/\/\/\/\/\/\/\/\/\/\/\/\/\/\/\/\/\/\/\/\/\/\/\/\/\/\/\/\/\/\/<br>Noise of Cologne 2<\/strong><\/p>\n\n\n\n<p>01. Andreas Wagner &#8211; Schwarm der Mischwesen<br>02. Titanoboa &#8211; Ante Sapina<br>03. Nils Quak &#8211; Momente des fragmentierten Lebens<br>04. Anthony Moore &#8211; Trans Cologne Tramway<br>05. Natalie Bewernitz \/ Marek Goldowski &#8211; Heterodyne Visuals 1xy2<br>06. Echo Ho &#8211; The Song You Hear Is The See<br>07. Merzouga &#8211; HARBOUR<br>08. Gregor Schwellenbach &#8211; Timon of Athens<br>09. Volker Zander &#8211; Reise ins Risorgimento<br>10. Lu Katavist &#8211; Alsonac<br>11. Achim Mohn\u00e9 &#8211; LiveSet@Studio672,Cologne (Excerpt)<br>12. Harald Sack Ziegler &#8211; MFF 100<br>13. Bettina Wenzel &#8211; plan_b<br>14. TreeSpeedMusic &#8211; Luziolenschrauber<br>15. Therapeutische H\u00f6rgruppe K\u00f6ln &#8211; Nectar of the Gods<br>16. Hannes Hoelzl &#8211; arleBots<\/p>\n\n\n\n<p>Gef\u00f6rdert durch Stadt K\u00f6ln, Kulturamt<br>Format: CD, Audio \/ Mastered by Joker Nies \/ Produced &amp; Compiled by Frank Dommert \/ Design: Frieda Luzcak \/ Photography: Frank Dommert \/ Liner Notes: Joachim Ody <\/p>\n\n\n\n<hr class=\"wp-block-separator has-alpha-channel-opacity is-style-wide\"\/>\n\n\n\n<p><a rel=\"noreferrer noopener\" href=\"http:\/\/noiseofcologne.blogspot.com\/\" target=\"_blank\">Reviews<\/a><b><br><\/b><br>Infotext (english)<br><b>Noise of Cologne 2 <\/b><br>Around 40 years ago, just as the world of new media was taking shape, a particular phrase was much &nbsp;bandied about to describe one aspect of this world&#8217;s artistic possibilities &#8211; we talked of \u201cmusic as cut-up &nbsp;time.\u201d Karlheinz Stockhausen adopted the idea with his \u201cHymnen\u201d and \u201cKurzwellen,\u201d as did the &nbsp;representatives of Musique concr\u00e8te and the utopian brigades who championed a progressive musical &nbsp;language going beyond compositional principles. The phrase traced a mutual feedback loop between &nbsp;political and aesthetic experience &#8211; staking this claim in a forthright, even stubborn manner. The &nbsp;renowned music critic Rudolf Frisius formulated the statement that music is \u201ccut-up time\u201d to take in the &nbsp;whole spectrum of sound, notes and noise &#8211; and thus the formulation heavily depends on revolutionary &nbsp;developments in montage, including segments of collage.<br>In such a context, white noise and the associated visual imagery do not indicate the breakdown of the &nbsp;machine or the monitor screen, the television tuned to a dead channel, but rather total sound, the most &nbsp;immense noise imaginable, the optimum of acoustic Nothingness. What have its effects been, four &nbsp;decades on and more, after this Cologne audio piece and after all the recordings made meanwhile, the &nbsp;many mix-tapes cut together &#8211; most of them, and for very good reason &#8211; in the studios of Cologne? &nbsp;Suppose, just hypothetically, that we were to try to unpack that white noise in our own day, prise open &nbsp;that \u201csphericality of time\u201d (let&#8217;s leave Frisius for a moment, and use a phrase from the Cologne composer &nbsp;Bernd Alois Zimmermann), open up some airways, make it more porous, split it into its integral parts, take &nbsp;it to pieces and then set each fragment in a frame that shows off its facets &#8211; perhaps we would find just &nbsp;what we find showcased here on \u201cNoise of Cologne.\u201d This second release in the series opens up another &nbsp;glorious grab-bag of contemporary music from Cologne, turning aside for a moment from the folksier &nbsp;forms of musical tradition to look at the B-side of the city&#8217;s distinctive sound, the many and varied activities &nbsp;of the free scene. There are still hints of the contrast with the old-established Neue Musik ideals of the &nbsp;past, such as could be heard at moments on \u201cNoise of Cologne\u201d, Part 1, but the artists assembled here &nbsp;have shrugged off much of the burden of the past &#8211; we can certainly see this as the latest phase or face &nbsp;of a creative scene that does just as it pleases. Electronica is the common element here, but these artists &nbsp;use modern media, including computer and laptop technology &#8211; playing with the tech without needing to &nbsp;break new ground at any price. 16 recording artists, each in his or her own way creating a diverse mash- up from the colourful, kaleidoscopic world that is made in Cologne: Short compositions and miniatures &nbsp;spat out from the computer, sound sculptures and scattered improvisations, Pop Art ornaments and vocal &nbsp;experiments, bone-shaking blare and chilled-out ambient noise, concrete tone poems and unorthodox &nbsp;performances on classical instruments and \u201cfound objects.\u201d We are on familiar ground in the here and &nbsp;now, and then in the blink of an eye we are in terra incognita. To an extent, \u201cNoise of Cologne 2\u201d is by &nbsp;now a tradition in its own right, but if we are to hear and make new discoveries, we should keep an open &nbsp;ear. \u201cNoise as cut-up time anno 2013.\u201d<br>Joachim Ody (Translation: Samuel Willcocks)    <\/p>\n\n\n\n<p><\/p>\n\n\n\n<p id=\"cd1\"><strong>\/\/\/\/\/\/\/\/\/<strong>\/\/\/\/\/\/\/\/\/<\/strong>\/\/\/\/\/\/\/\/\/\/\/\/\/\/\/\/\/\/\/\/\/\/\/\/\/\/\/\/\/\/\/\/\/\/\/\/\/\/\/\/\/\/\/\/\/\/\/\/\/\/\/\/\/\/\/\/\/\/\/\/\/\/\/\/\/\/\/\/\/\/\/\/\/\/\/\/\/\/\/\/\/\/\/\/\/\/\/\/\/\/\/\/\/\/\/\/\/\/\/<br>Noise of Cologne <\/strong>1<\/p>\n\n\n\n<p>In kaum einer Stadt wurde das dort beheimatete musikalische Wirken so flei\u00dfig dokumentiert wie in K\u00f6ln. An Dom und Rhein ist man stolz auf seinen &#8222;Sound of Cologne&#8220;, und meistens meint man damit Elektronika oder Minimal Techno. Solche Musik ist es auch, der die gleichnamige Compilation-Reihe gewidmet ist. Nat\u00fcrlich verweist der Titel der nun vorliegenden Zusammenstellung &#8222;Noise of Cologne&#8220; (NoC) auf die genannten K\u00f6ln-Sampler und damit auf ein Trademark, das die Stadt sich selbst gegeben hat. Aber mit NoC wird keine Identit\u00e4t stiftende Szene proklamiert, sondern ein musikalisches Schaffen beleuchtet, das bislang vom K\u00f6lner Clubsound etwas \u00fcbert\u00f6nt wurde. Wobei hier nicht ausschlie\u00dflich der Musikstil Noise mit seiner rohen Energie und K\u00f6rperlichkeit gemeint ist. Es geht nicht um L\u00e4rm im Wortsinn. Vielmehr wird mit NoC die Vielseitigkeit experimenteller Musik aus K\u00f6ln dargestellt. Und der Fundus an komponierter und spontaner k\u00f6lnischer Experimentalmusik ist derart reich, dass man mit NoC eine freudige \u00dcberraschung nach der n\u00e4chsten erlebt.<\/p>\n\n\n\n<p>Zum Beispiel Harald Muenz\u201a R\u00fcckw\u00e4rts-Version von Ravels Bol\u00e9ro, die sich im Zeitraffer ebenso steigert wie das Original. Oder die Werkssirenen-Synthesizer von Volker Hennes. Wir h\u00f6ren ein konzeptionelles Werk um die Zahl 6; ein sehr handfestes St\u00fcck Neue Musik f\u00fcr Klavier, kleines Ensemble und Elektronik, mit Thema und Variation. Oder freundlich-verquere Synthesizer-Musik. Musik gewordenes Unterwegs-Sein mit der Zug-Komposition &#8222;Das Ohr am Gleis&#8220; von C-Schulz und F.X.Randomiz. Die energetischen, ereignisreichen &#8222;\u00dcberschreitungen des Pragmatismus&#8220; von Lehn und Schmickler. Oder aber ein schier unfassbares St\u00fcck von Bernd H\u00e4rpfer f\u00fcr sechs Sprechstimmen.All das macht NoC zu einem sinnlichen und intellektuellen Vergn\u00fcgen der besonderen Art. Denn einerseits l\u00e4sst man sich gerne mitziehen vom Sog dieser immer wieder \u00fcberraschenden Zusammenstellung. Andererseits besteht ein Extraspa\u00df darin, anhand der erhellenden Linernotes von Joachim Ody Komponisten f\u00fcr sich zu entdecken oder Kompositionstechniken nachzuvollziehen.<\/p>\n\n\n\n<p id=\"cd1\"><strong>\/\/\/\/\/\/\/\/\/<strong>\/\/\/\/\/\/\/\/\/<\/strong>\/\/\/\/\/\/\/\/\/\/\/\/\/\/\/\/\/\/\/\/\/\/\/\/\/\/\/\/\/\/\/\/\/\/\/\/\/\/\/\/\/\/\/\/\/\/\/\/\/\/\/\/\/\/\/\/\/\/\/\/\/\/\/\/\/\/\/\/\/\/\/\/\/\/\/\/\/\/\/\/\/\/\/\/\/\/\/\/\/\/\/\/\/\/\/\/\/\/\/<br>Noise of Cologne I<\/strong><\/p>\n\n\n\n<p>01. Harald M\u00fcnz &#8211; Or\u00e8lob 80<br>02. Volker Hennes &#8211; Arsen<br>03. Frank Barknecht &#8211; Beauty<br>04. Siegfried Koepf &#8211; Square<br>05. Pirx &#8211; High Noon<br>06. Michael Beil &#8211; Und Sechs (Exzerpt)<br>07. M\u00e4nner mit Motoren &#8211; Blasenwerfer + Phasendrescher<br>08. Peter Behrendsen &#8211; Atem des Windes (Exzerpt)<br>09. C-Schulz &amp; F.X.Randomiz &#8211; Das Ohr am Gleis &#8211; Part 2 (Edit)<br>10. Frank Schulte &#8211; Durchmessung<br>11. Lehn \/ Schmickler &#8211; \u00dcberschreitungen Des Pragmatismus (Exzerpt)<br>12. Bernd Haerpfer &#8211; Mazwi<br>13. Robert Vater &#8211; \u00dcg\u00fcg<br>14. Roland Schappert &#8211; Ausgeludert<br>15. Matthias Mainz &#8211; Quiet Noise<br>16. hans w. koch &#8211; [X\u221e = op (X\u221e)]2<br>17. Joker Nies &#8211; Suite for modified Q-Chord<\/p>\n\n\n\n<p>Gef\u00f6rdert durch Stadt K\u00f6ln, Kulturamt<br>Format: CD, Audio \/ Mastered by Joker Nies \/ Produced &amp; Compiled by Frank Dommert \/ Design: Frieda Luzcak \/ Photography: Frank Dommert \/ Liner Notes: Joachim Ody<a rel=\"noopener\" href=\"http:\/\/noiseofcologne.blogspot.com\/\" target=\"_blank\"><br><\/a><\/p>\n\n\n\n<p><strong><strong><strong>\/\/\/\/\/\/\/\/\/<strong>\/\/\/\/\/\/\/\/\/<\/strong>\/\/\/\/\/\/\/\/\/\/\/\/\/\/\/\/\/\/\/\/\/\/\/\/\/\/\/\/\/\/\/\/\/\/\/\/\/\/\/\/\/\/\/\/\/\/\/\/\/\/\/\/\/\/\/\/\/\/\/\/\/\/\/\/\/\/\/\/\/\/\/\/\/\/\/\/\/\/\/\/\/\/\/\/\/\/\/\/\/\/\/\/\/\/\/\/\/\/\/<\/strong><\/strong><\/strong><\/p>\n\n\n\n<p>Herausgegeben von:<br>Mark e.V., Kleiner Greichenmarkt 28-30, 50676 K\u00f6ln<br>markev (at) reihe-m (dot) de<\/p>\n","protected":false},"excerpt":{"rendered":"","protected":false},"author":4,"featured_media":5293,"parent":0,"menu_order":0,"comment_status":"closed","ping_status":"closed","template":"","meta":{"footnotes":""},"class_list":["post-1023","page","type-page","status-publish","has-post-thumbnail","hentry"],"_links":{"self":[{"href":"https:\/\/www.reihe-m.de\/index.php?rest_route=\/wp\/v2\/pages\/1023","targetHints":{"allow":["GET"]}}],"collection":[{"href":"https:\/\/www.reihe-m.de\/index.php?rest_route=\/wp\/v2\/pages"}],"about":[{"href":"https:\/\/www.reihe-m.de\/index.php?rest_route=\/wp\/v2\/types\/page"}],"author":[{"embeddable":true,"href":"https:\/\/www.reihe-m.de\/index.php?rest_route=\/wp\/v2\/users\/4"}],"replies":[{"embeddable":true,"href":"https:\/\/www.reihe-m.de\/index.php?rest_route=%2Fwp%2Fv2%2Fcomments&post=1023"}],"version-history":[{"count":34,"href":"https:\/\/www.reihe-m.de\/index.php?rest_route=\/wp\/v2\/pages\/1023\/revisions"}],"predecessor-version":[{"id":5343,"href":"https:\/\/www.reihe-m.de\/index.php?rest_route=\/wp\/v2\/pages\/1023\/revisions\/5343"}],"wp:featuredmedia":[{"embeddable":true,"href":"https:\/\/www.reihe-m.de\/index.php?rest_route=\/wp\/v2\/media\/5293"}],"wp:attachment":[{"href":"https:\/\/www.reihe-m.de\/index.php?rest_route=%2Fwp%2Fv2%2Fmedia&parent=1023"}],"curies":[{"name":"wp","href":"https:\/\/api.w.org\/{rel}","templated":true}]}}