{"id":25,"date":"2008-12-17T20:56:53","date_gmt":"2008-12-17T19:56:53","guid":{"rendered":"http:\/\/www.reihe-m.de\/con\/?page_id=25"},"modified":"2024-12-07T12:37:13","modified_gmt":"2024-12-07T11:37:13","slug":"impressum","status":"publish","type":"page","link":"https:\/\/www.reihe-m.de\/?page_id=25","title":{"rendered":"IMPRESSUM"},"content":{"rendered":"\n<p>reiheM<br>\nMark e.V.<br>\nKleiner Griechenmarkt 28-30<br>\nD-50676 K\u00f6ln<\/p>\n\n\n\n<p>reiheM ist eine kuratierte Konzertreihe f\u00fcr Gegenwartsmusik, Elektronik und neue Medien. Das Programm wird von einem Kuratorium zusammengestellt, Bewerbungen werden nicht angenommen.<\/p>\n\n\n\n<p>INHALT:&nbsp; Die Autoren \u00fcbernehmen keinerlei Gew\u00e4hr f\u00fcr die Aktualit\u00e4t, Korrektheit, Vollst\u00e4ndigkeit oder Qualit\u00e4t der bereitgestellten Informationen. Haftungsanspr\u00fcche gegen die Autoren, welche sich auf Sch\u00e4den materieller oder ideeller Art beziehen, die durch die Nutzung oder Nichtnutzung der dargebotenen Informationen bzw. durch die Nutzung fehlerhafter und unvollst\u00e4ndiger Informationen verursacht wurden, sind grunds\u00e4tzlich ausgeschlossen.<\/p>\n\n\n\n<p>HAFTUNGSHINWEIS: Trotz sorgf\u00e4ltiger inhaltlicher Kontrolle \u00fcbernehmen wir keine Haftung f\u00fcr die Inhalte externer Links. F\u00fcr den Inhalt der verlinkten Seiten sind ausschlie\u00dflich deren Betreiber verantwortlich.<\/p>\n\n\n\n<p>KOORDINATION: Frank Dommert \/ <a href=\"mailto:markev@reihe-m.de\" target=\"_blank\" rel=\"noopener noreferrer\">markev[at]reihe-m.de<\/a><br>\nPRESSE\/ANMELDUNG NEWSLETTER: Vera Firmbach \/ <a href=\"mailto:presse@reihe-m.de\">presse[at]reihe-m.de<\/a><br>\nMobil: +49-1 79-2 40 08 66<br>\nGRAFIK: <a href=\"http:\/\/www.c-marek.de\">Christa Marek<\/a> \/ K\u00f6ln<\/p>\n\n\n\n<p><\/p>\n\n\n\n<figure class=\"wp-block-image size-full\"><a href=\"https:\/\/www.reihe-m.de\/con\/wp-content\/uploads\/2024\/12\/rM-Logos-2024.png\"><img loading=\"lazy\" decoding=\"async\" width=\"871\" height=\"157\" src=\"https:\/\/www.reihe-m.de\/con\/wp-content\/uploads\/2024\/12\/rM-Logos-2024.png\" alt=\"\" class=\"wp-image-5692\" srcset=\"https:\/\/www.reihe-m.de\/con\/wp-content\/uploads\/2024\/12\/rM-Logos-2024.png 871w, https:\/\/www.reihe-m.de\/con\/wp-content\/uploads\/2024\/12\/rM-Logos-2024-300x54.png 300w, https:\/\/www.reihe-m.de\/con\/wp-content\/uploads\/2024\/12\/rM-Logos-2024-768x138.png 768w, https:\/\/www.reihe-m.de\/con\/wp-content\/uploads\/2024\/12\/rM-Logos-2024-310x56.png 310w, https:\/\/www.reihe-m.de\/con\/wp-content\/uploads\/2024\/12\/rM-Logos-2024-770x139.png 770w\" sizes=\"auto, (max-width: 871px) 100vw, 871px\" \/><\/a><\/figure>\n\n\n\n<p><\/p>\n","protected":false},"excerpt":{"rendered":"","protected":false},"author":4,"featured_media":0,"parent":0,"menu_order":0,"comment_status":"closed","ping_status":"closed","template":"","meta":{"footnotes":""},"class_list":["post-25","page","type-page","status-publish","hentry"],"_links":{"self":[{"href":"https:\/\/www.reihe-m.de\/index.php?rest_route=\/wp\/v2\/pages\/25","targetHints":{"allow":["GET"]}}],"collection":[{"href":"https:\/\/www.reihe-m.de\/index.php?rest_route=\/wp\/v2\/pages"}],"about":[{"href":"https:\/\/www.reihe-m.de\/index.php?rest_route=\/wp\/v2\/types\/page"}],"author":[{"embeddable":true,"href":"https:\/\/www.reihe-m.de\/index.php?rest_route=\/wp\/v2\/users\/4"}],"replies":[{"embeddable":true,"href":"https:\/\/www.reihe-m.de\/index.php?rest_route=%2Fwp%2Fv2%2Fcomments&post=25"}],"version-history":[{"count":38,"href":"https:\/\/www.reihe-m.de\/index.php?rest_route=\/wp\/v2\/pages\/25\/revisions"}],"predecessor-version":[{"id":5694,"href":"https:\/\/www.reihe-m.de\/index.php?rest_route=\/wp\/v2\/pages\/25\/revisions\/5694"}],"wp:attachment":[{"href":"https:\/\/www.reihe-m.de\/index.php?rest_route=%2Fwp%2Fv2%2Fmedia&parent=25"}],"curies":[{"name":"wp","href":"https:\/\/api.w.org\/{rel}","templated":true}]}}